{"id":10,"date":"2026-01-19T21:59:55","date_gmt":"2026-01-19T21:59:55","guid":{"rendered":"https:\/\/wadoudcars.com\/contact\/"},"modified":"2026-01-26T18:00:23","modified_gmt":"2026-01-26T18:00:23","slug":"contact","status":"publish","type":"page","link":"https:\/\/wadoudcars.com\/en\/contact\/","title":{"rendered":"Contact"},"content":{"rendered":"<div data-elementor-type=\"wp-page\" data-elementor-id=\"10\" class=\"elementor elementor-10\">\n\t\t\t\t<div class=\"elementor-element elementor-element-59fa6df3 e-con-full e-flex e-con e-parent\" data-id=\"59fa6df3\" data-element_type=\"container\" data-e-type=\"container\" data-settings=\"{&quot;background_background&quot;:&quot;classic&quot;}\">\n\t\t<div class=\"elementor-element elementor-element-7c488b90 e-flex e-con-boxed e-con e-child\" data-id=\"7c488b90\" data-element_type=\"container\" data-e-type=\"container\">\n\t\t\t\t\t<div class=\"e-con-inner\">\n\t\t\t\t<div class=\"elementor-element elementor-element-10527fc4 elementor-widget elementor-widget-heading\" data-id=\"10527fc4\" data-element_type=\"widget\" data-e-type=\"widget\" data-widget_type=\"heading.default\">\n\t\t\t\t\t<h1 class=\"elementor-heading-title elementor-size-default\">Contact Wadoud Cars                             <br>Car rental in Agadir\n\n<\/h1>\t\t\t\t<\/div>\n\t\t\t\t<div class=\"elementor-element elementor-element-51dc4261 elementor-widget__width-initial elementor-widget elementor-widget-text-editor\" data-id=\"51dc4261\" data-element_type=\"widget\" data-e-type=\"widget\" data-widget_type=\"text-editor.default\">\n\t\t\t\t\t\t\t\t\t<p><b>Need information or a quick reservation?<br \/>Our team is at your disposal to assist you with your car rental in Agadir and throughout Morocco.<\/b><\/p>\t\t\t\t\t\t\t\t<\/div>\n\t\t\t\t<div class=\"elementor-element elementor-element-0d1f206 elementor-invisible elementor-widget elementor-widget-button\" data-id=\"0d1f206\" data-element_type=\"widget\" data-e-type=\"widget\" data-settings=\"{&quot;_animation&quot;:&quot;fadeInDown&quot;}\" data-widget_type=\"button.default\">\n\t\t\t\t\t\t\t\t\t\t<a class=\"elementor-button elementor-button-link elementor-size-sm\" href=\"https:\/\/wa.me\/212661527698?text=Bonjour%20Wadoud%20Cars,%20je%20souhaite%20r\u00e9server%20une%20voiture.%20Merci.\" target=\"_blank\" rel=\"noopener\">\n\t\t\t\t\t\t<span class=\"elementor-button-content-wrapper\">\n\t\t\t\t\t\t<span class=\"elementor-button-icon\">\n\t\t\t\t<svg aria-hidden=\"true\" class=\"e-font-icon-svg e-fab-whatsapp\" viewbox=\"0 0 448 512\" xmlns=\"http:\/\/www.w3.org\/2000\/svg\"><path d=\"M380.9 97.1C339 55.1 283.2 32 223.9 32c-122.4 0-222 99.6-222 222 0 39.1 10.2 77.3 29.6 111L0 480l117.7-30.9c32.4 17.7 68.9 27 106.1 27h.1c122.3 0 224.1-99.6 224.1-222 0-59.3-25.2-115-67.1-157zm-157 341.6c-33.2 0-65.7-8.9-94-25.7l-6.7-4-69.8 18.3L72 359.2l-4.4-7c-18.5-29.4-28.2-63.3-28.2-98.2 0-101.7 82.8-184.5 184.6-184.5 49.3 0 95.6 19.2 130.4 54.1 34.8 34.9 56.2 81.2 56.1 130.5 0 101.8-84.9 184.6-186.6 184.6zm101.2-138.2c-5.5-2.8-32.8-16.2-37.9-18-5.1-1.9-8.8-2.8-12.5 2.8-3.7 5.6-14.3 18-17.6 21.8-3.2 3.7-6.5 4.2-12 1.4-32.6-16.3-54-29.1-75.5-66-5.7-9.8 5.7-9.1 16.3-30.3 1.8-3.7.9-6.9-.5-9.7-1.4-2.8-12.5-30.1-17.1-41.2-4.5-10.8-9.1-9.3-12.5-9.5-3.2-.2-6.9-.2-10.6-.2-3.7 0-9.7 1.4-14.8 6.9-5.1 5.6-19.4 19-19.4 46.3 0 27.3 19.9 53.7 22.6 57.4 2.8 3.7 39.1 59.7 94.8 83.8 35.2 15.2 49 16.5 66.6 13.9 10.7-1.6 32.8-13.4 37.4-26.4 4.6-13 4.6-24.1 3.2-26.4-1.3-2.5-5-3.9-10.5-6.6z\"><\/path><\/svg>\t\t\t<\/span>\n\t\t\t\t\t\t\t\t\t<span class=\"elementor-button-text\">Contact via WhatsApp<\/span>\n\t\t\t\t\t<\/span>\n\t\t\t\t\t<\/a>\n\t\t\t\t\t\t\t\t<\/div>\n\t\t\t\t\t<\/div>\n\t\t\t\t<\/div>\n\t\t\t\t<\/div>\n\t\t<div class=\"elementor-element elementor-element-54c08ff5 e-con-full e-flex e-con e-parent\" data-id=\"54c08ff5\" data-element_type=\"container\" data-e-type=\"container\">\n\t\t<div class=\"elementor-element elementor-element-11639a0f e-flex e-con-boxed e-con e-child\" data-id=\"11639a0f\" data-element_type=\"container\" data-e-type=\"container\">\n\t\t\t\t\t<div class=\"e-con-inner\">\n\t\t<div class=\"elementor-element elementor-element-7de89315 e-con-full e-flex e-con e-child\" data-id=\"7de89315\" data-element_type=\"container\" data-e-type=\"container\">\n\t\t\t\t<div class=\"elementor-element elementor-element-7aabf4af elementor-widget-tablet__width-inherit elementor-widget elementor-widget-image\" data-id=\"7aabf4af\" data-element_type=\"widget\" data-e-type=\"widget\" data-widget_type=\"image.default\">\n\t\t\t\t\t\t\t\t\t\t\t\t\t\t\t<img fetchpriority=\"high\" decoding=\"async\" width=\"640\" height=\"427\" src=\"https:\/\/wadoudcars.com\/wp-content\/uploads\/2026\/01\/Handsome-young-man-in-full-suit-talking-on-smart-phone-and-working-on-laptop.jpg\" class=\"attachment-large size-large wp-image-12\" alt=\"\" srcset=\"https:\/\/wadoudcars.com\/wp-content\/uploads\/2026\/01\/Handsome-young-man-in-full-suit-talking-on-smart-phone-and-working-on-laptop.jpg 1000w, https:\/\/wadoudcars.com\/wp-content\/uploads\/2026\/01\/Handsome-young-man-in-full-suit-talking-on-smart-phone-and-working-on-laptop-768x512.jpg 768w\" sizes=\"(max-width: 640px) 100vw, 640px\" \/>\t\t\t\t\t\t\t\t\t\t\t\t\t\t\t<\/div>\n\t\t\t\t<div class=\"elementor-element elementor-element-d0522c5 elementor-widget elementor-widget-heading\" data-id=\"d0522c5\" data-element_type=\"widget\" data-e-type=\"widget\" data-widget_type=\"heading.default\">\n\t\t\t\t\t<h2 class=\"elementor-heading-title elementor-size-default\">Our contact details\n<\/h2>\t\t\t\t<\/div>\n\t\t\t\t<div class=\"elementor-element elementor-element-2fb10f3d elementor-widget__width-inherit elementor-widget-mobile__width-inherit elementor-position-inline-start elementor-widget-tablet__width-inherit elementor-view-default elementor-mobile-position-block-start elementor-widget elementor-widget-icon-box\" data-id=\"2fb10f3d\" data-element_type=\"widget\" data-e-type=\"widget\" data-widget_type=\"icon-box.default\">\n\t\t\t\t\t\t\t<div class=\"elementor-icon-box-wrapper\">\n\n\t\t\t\t\t\t<div class=\"elementor-icon-box-icon\">\n\t\t\t\t<a href=\"#\" class=\"elementor-icon\" tabindex=\"-1\" aria-label=\"Contact us\">\n\t\t\t\t<svg aria-hidden=\"true\" class=\"e-font-icon-svg e-fas-mobile\" viewbox=\"0 0 320 512\" xmlns=\"http:\/\/www.w3.org\/2000\/svg\"><path d=\"M272 0H48C21.5 0 0 21.5 0 48v416c0 26.5 21.5 48 48 48h224c26.5 0 48-21.5 48-48V48c0-26.5-21.5-48-48-48zM160 480c-17.7 0-32-14.3-32-32s14.3-32 32-32 32 14.3 32 32-14.3 32-32 32z\"><\/path><\/svg>\t\t\t\t<\/a>\n\t\t\t<\/div>\n\t\t\t\n\t\t\t\t\t\t<div class=\"elementor-icon-box-content\">\n\n\t\t\t\t\t\t\t\t\t<h3 class=\"elementor-icon-box-title\">\n\t\t\t\t\t\t<a href=\"#\" >\n\t\t\t\t\t\t\tContact us\t\t\t\t\t\t<\/a>\n\t\t\t\t\t<\/h3>\n\t\t\t\t\n\t\t\t\t\t\t\t\t\t<p class=\"elementor-icon-box-description\">\n\t\t\t\t\t\t+212661527698\t\t\t\t\t<\/p>\n\t\t\t\t\n\t\t\t<\/div>\n\t\t\t\n\t\t<\/div>\n\t\t\t\t\t\t<\/div>\n\t\t\t\t<div class=\"elementor-element elementor-element-36ef986a elementor-widget__width-inherit elementor-widget-mobile__width-inherit elementor-position-inline-start elementor-widget-tablet__width-inherit elementor-view-default elementor-mobile-position-block-start elementor-widget elementor-widget-icon-box\" data-id=\"36ef986a\" data-element_type=\"widget\" data-e-type=\"widget\" data-widget_type=\"icon-box.default\">\n\t\t\t\t\t\t\t<div class=\"elementor-icon-box-wrapper\">\n\n\t\t\t\t\t\t<div class=\"elementor-icon-box-icon\">\n\t\t\t\t<a href=\"#\" class=\"elementor-icon\" tabindex=\"-1\" aria-label=\"Send us an email\">\n\t\t\t\t<svg xmlns=\"http:\/\/www.w3.org\/2000\/svg\" xmlns:xlink=\"http:\/\/www.w3.org\/1999\/xlink\" xmlns:serif=\"http:\/\/www.serif.com\/\" width=\"100%\" height=\"100%\" viewbox=\"0 0 20 16\" xml:space=\"preserve\" style=\"fill-rule:evenodd;clip-rule:evenodd;stroke-linejoin:round;stroke-miterlimit:2;\">    <g transform=\"matrix(1,0,0,1,-102,-11)\">        <g>            <path d=\"M119,11.5L105,11.5C103.619,11.5 102.5,12.619 102.5,14C102.5,14 102.5,24 102.5,24C102.5,25.381 103.619,26.5 105,26.5C105,26.5 119,26.5 119,26.5C120.381,26.5 121.5,25.381 121.5,24L121.5,14C121.5,12.619 120.381,11.5 119,11.5ZM119,12.5C119.829,12.5 120.5,13.172 120.5,14C120.5,14 120.5,24 120.5,24C120.5,24.828 119.829,25.5 119,25.5L105,25.5C104.171,25.5 103.5,24.828 103.5,24L103.5,14C103.5,13.172 104.171,12.5 105,12.5C105,12.5 119,12.5 119,12.5Z\"><\/path>            <path d=\"M102.723,14.416L111.723,20.416C111.891,20.528 112.109,20.528 112.277,20.416L121.277,14.416C121.507,14.263 121.569,13.952 121.416,13.723C121.263,13.493 120.952,13.431 120.723,13.584L112,19.399C112,19.399 103.277,13.584 103.277,13.584C103.048,13.431 102.737,13.493 102.584,13.723C102.431,13.952 102.493,14.263 102.723,14.416Z\"><\/path>        <\/g>    <\/g><\/svg>\t\t\t\t<\/a>\n\t\t\t<\/div>\n\t\t\t\n\t\t\t\t\t\t<div class=\"elementor-icon-box-content\">\n\n\t\t\t\t\t\t\t\t\t<h3 class=\"elementor-icon-box-title\">\n\t\t\t\t\t\t<a href=\"#\" >\n\t\t\t\t\t\t\tSend us an email\t\t\t\t\t\t<\/a>\n\t\t\t\t\t<\/h3>\n\t\t\t\t\n\t\t\t\t\t\t\t\t\t<p class=\"elementor-icon-box-description\">\n\t\t\t\t\t\tcarswadoud@gmail.com\n\t\t\t\t\t<\/p>\n\t\t\t\t\n\t\t\t<\/div>\n\t\t\t\n\t\t<\/div>\n\t\t\t\t\t\t<\/div>\n\t\t\t\t<div class=\"elementor-element elementor-element-1e5ebff0 elementor-widget__width-inherit elementor-widget-mobile__width-inherit elementor-position-inline-start elementor-widget-tablet__width-inherit elementor-view-default elementor-mobile-position-block-start elementor-widget elementor-widget-icon-box\" data-id=\"1e5ebff0\" data-element_type=\"widget\" data-e-type=\"widget\" data-widget_type=\"icon-box.default\">\n\t\t\t\t\t\t\t<div class=\"elementor-icon-box-wrapper\">\n\n\t\t\t\t\t\t<div class=\"elementor-icon-box-icon\">\n\t\t\t\t<a href=\"#\" class=\"elementor-icon\" tabindex=\"-1\" aria-label=\"Postal address\">\n\t\t\t\t<svg xmlns=\"http:\/\/www.w3.org\/2000\/svg\" xmlns:xlink=\"http:\/\/www.w3.org\/1999\/xlink\" xmlns:serif=\"http:\/\/www.serif.com\/\" width=\"100%\" height=\"100%\" viewbox=\"0 0 18 20\" xml:space=\"preserve\" style=\"fill-rule:evenodd;clip-rule:evenodd;stroke-linejoin:round;stroke-miterlimit:2;\">    <g transform=\"matrix(1,0,0,1,-134,-9)\">        <g>            <path d=\"M143,21.5C144.933,21.5 146.5,19.933 146.5,18C146.5,16.067 144.933,14.5 143,14.5C141.067,14.5 139.5,16.067 139.5,18C139.5,19.933 141.067,21.5 143,21.5ZM143,20.5C141.619,20.5 140.5,19.381 140.5,18C140.5,16.619 141.619,15.5 143,15.5C144.381,15.5 145.5,16.619 145.5,18C145.5,19.381 144.381,20.5 143,20.5Z\"><\/path>            <path d=\"M149.011,24.011C150.199,22.822 151.009,21.307 151.336,19.658C151.665,18.009 151.497,16.3 150.853,14.747C150.209,13.194 149.12,11.867 147.723,10.933C147.723,10.933 147.723,10.933 147.723,10.933C146.324,9.999 144.681,9.5 143,9.5C141.319,9.5 139.676,9.999 138.277,10.933C138.277,10.933 138.277,10.933 138.277,10.933C136.88,11.867 135.791,13.194 135.147,14.747C134.503,16.3 134.335,18.009 134.664,19.658C134.991,21.307 135.801,22.822 136.989,24.011L141.234,28.254C141.702,28.722 142.337,28.985 143.001,28.985C143.664,28.985 144.299,28.722 144.767,28.254L149.011,24.011ZM148.303,23.303L144.061,27.546C143.779,27.827 143.398,27.985 143.001,27.985C142.603,27.985 142.222,27.827 141.94,27.546C141.94,27.546 137.697,23.303 137.697,23.303C136.648,22.255 135.933,20.918 135.644,19.464C135.644,19.463 135.644,19.463 135.644,19.463C135.355,18.008 135.503,16.501 136.071,15.13C136.639,13.76 137.6,12.588 138.833,11.764C140.067,10.94 141.517,10.5 143,10.5C144.483,10.5 145.933,10.94 147.167,11.764C148.4,12.588 149.361,13.76 149.929,15.13C150.497,16.501 150.645,18.008 150.356,19.463C150.356,19.463 150.356,19.463 150.356,19.464C150.067,20.918 149.352,22.255 148.303,23.303Z\"><\/path>        <\/g>    <\/g><\/svg>\t\t\t\t<\/a>\n\t\t\t<\/div>\n\t\t\t\n\t\t\t\t\t\t<div class=\"elementor-icon-box-content\">\n\n\t\t\t\t\t\t\t\t\t<h3 class=\"elementor-icon-box-title\">\n\t\t\t\t\t\t<a href=\"#\" >\n\t\t\t\t\t\t\tPostal address\t\t\t\t\t\t<\/a>\n\t\t\t\t\t<\/h3>\n\t\t\t\t\n\t\t\t\t\t\t\t\t\t<p class=\"elementor-icon-box-description\">\n\t\t\t\t\t\tN\u00b0 37 Rue 465 Cit\u00e9 des Fonctionnaires - Agadir\t\t\t\t\t<\/p>\n\t\t\t\t\n\t\t\t<\/div>\n\t\t\t\n\t\t<\/div>\n\t\t\t\t\t\t<\/div>\n\t\t\t\t<\/div>\n\t\t<div class=\"elementor-element elementor-element-7e1e6c4c e-con-full e-flex e-con e-child\" data-id=\"7e1e6c4c\" data-element_type=\"container\" data-e-type=\"container\">\n\t\t\t\t<div class=\"elementor-element elementor-element-5c49ff8 elementor-widget elementor-widget-heading\" data-id=\"5c49ff8\" data-element_type=\"widget\" data-e-type=\"widget\" data-widget_type=\"heading.default\">\n\t\t\t\t\t<div class=\"elementor-heading-title elementor-size-default\">Connect with Us<\/div>\t\t\t\t<\/div>\n\t\t\t\t<div class=\"elementor-element elementor-element-65666fab elementor-widget elementor-widget-heading\" data-id=\"65666fab\" data-element_type=\"widget\" data-e-type=\"widget\" data-widget_type=\"heading.default\">\n\t\t\t\t\t<h2 class=\"elementor-heading-title elementor-size-default\">Why contact us?\n<\/h2>\t\t\t\t<\/div>\n\t\t\t\t<div class=\"elementor-element elementor-element-37f873c elementor-widget__width-inherit elementor-widget elementor-widget-text-editor\" data-id=\"37f873c\" data-element_type=\"widget\" data-e-type=\"widget\" data-widget_type=\"text-editor.default\">\n\t\t\t\t\t\t\t\t\t<p>At Wadoud Cars, we pride ourselves on offering fast, reliable and transparent service.<\/p><p>Whether you're a tourist or a resident, we'll help you find the right car for your needs, with quick and easy booking via WhatsApp.<\/p><div>\u00a0<\/div>\t\t\t\t\t\t\t\t<\/div>\n\t\t\t\t<div class=\"elementor-element elementor-element-978f4bd elementor-widget elementor-widget-heading\" data-id=\"978f4bd\" data-element_type=\"widget\" data-e-type=\"widget\" data-widget_type=\"heading.default\">\n\t\t\t\t\t<h2 class=\"elementor-heading-title elementor-size-default\">Send us your request<\/h2>\t\t\t\t<\/div>\n\t\t\t\t<div class=\"elementor-element elementor-element-17d4a35 elementor-widget elementor-widget-text-editor\" data-id=\"17d4a35\" data-element_type=\"widget\" data-e-type=\"widget\" data-widget_type=\"text-editor.default\">\n\t\t\t\t\t\t\t\t\t<p>\u00a0<\/p><p><u>Fill in the form below and we'll get back to you as soon as possible by WhatsApp:<\/u><\/p><div>\u00a0<\/div>\t\t\t\t\t\t\t\t<\/div>\n\t\t\t\t<div class=\"elementor-element elementor-element-5ae1acbc elementor-widget__width-initial elementor-widget elementor-widget-solaceform\" data-id=\"5ae1acbc\" data-element_type=\"widget\" data-e-type=\"widget\" data-widget_type=\"solaceform.default\">\n\t\t\t\t<div class=\"elementor-widget-container\">\n\t\t\t\t\t\n\t\t<form class=\"solaceform-form\" method=\"post\" data-post_id=\"10\" data-el_id=\"5ae1acbc\" enctype=\"multipart\/form-data\" action=\"\">\n\t\t<div class=\"solaceform-fields elementor-repeater-item-530d396 efb-field-width-100 efb-field-width-tablet- efb-field-width-mobile-\">\t\t\t\t<label>First and last name<\/label>\n\t\t\t\t\t\t<input\n\t\t\t\t\t\t\t\t\t\tname=\"Nom et pr\u00e9nom\"\n\t\t\t\t\t\t\t\ttype=\"text\"\n\t\t\t\tclass=\"solaceform-style-field\"\n\t\t\t\tplaceholder=\"Enter your value here... \"\n\t\t\t\t\t\t\t\t\t\taccept=\"&quot;&quot;\t\t\t\">\n\t\t<\/div><div class=\"solaceform-fields elementor-repeater-item-0a41b24 efb-field-width-100 efb-field-width-tablet- efb-field-width-mobile-\">\t\t\t\t<label>Phone<\/label>\n\t\t\t\t\t\t<input\n\t\t\t\t\t\t\t\t\t\tname=\"T\u00e9l\u00e9phone\"\n\t\t\t\t\t\t\t\ttype=\"number\"\n\t\t\t\tclass=\"solaceform-style-field\"\n\t\t\t\tplaceholder=\"Enter your value here... \"\n\t\t\t\t\t\t\t\t\t\taccept=\"&quot;&quot;\t\t\t\">\n\t\t<\/div><div class=\"solaceform-fields elementor-repeater-item-39e880c efb-field-width-100 efb-field-width-tablet- efb-field-width-mobile-\">\t\t\t\t<label>Message<\/label>\n\t\t\t\t\t\t<textarea\n\t\t\t\tname=\"msg\"\n\t\t\t\tclass=\"solaceform-style-field\"\n\t\t\t\trows=\"4\"\n\t\t\t\tplaceholder=\"Enter your value here... \"\n\t\t\t\t\t\t\t><\/textarea>\n\t\t<\/div>\t\t\t<div class=\"solaceform-form-button-wrap\" id=\"whatsappBtn\">\n\t\t\t\t\t\t\t\t\t<button class=\"solaceform-form-button\" type=\"submit\">\n\t\t\t\t\t\t\t\t\t\t\t\t\t\t\t\t\t\t\t\t\t\t\t\t\tSend us your request\t\t\t\t\t\t\t\t\t\t<div class=\"solace-spinner\"><\/div>\n\t\t\t\t<\/button>\n\t\t\t<\/div>\n\t\t\n\t\t<input type=\"hidden\" name=\"trp-form-language\" value=\"en\"\/><\/form>\n\t\t<div class=\"solaceform-form-msg\"><\/div>\n\t\t\t\t\t\t<\/div>\n\t\t\t\t<\/div>\n\t\t\t\t<div class=\"elementor-element elementor-element-41fca1c elementor-widget elementor-widget-html\" data-id=\"41fca1c\" data-element_type=\"widget\" data-e-type=\"widget\" data-widget_type=\"html.default\">\n\t\t\t\t\t<script>\r\ndocument.addEventListener(\"DOMContentLoaded\", function () {\r\n  const btn = document.getElementById(\"whatsappBtn\");\r\n\r\n  if (!btn) return;\r\n\r\n  btn.addEventListener(\"click\", function (e) {\r\n    e.preventDefault();\r\n\r\n    const nom = document.querySelector('input[name=\"Nom et pr\u00e9nom\"]')?.value || \"\";\r\n    const tel = document.querySelector('input[name=\"T\u00e9l\u00e9phone\"]')?.value || \"\";\r\n    const messageClient = document.querySelector('textarea[name=\"Message\"]')?.value || \"\";\r\n\r\n    const message =\r\n      \"Bonjour Wadoud Cars\\n\\n\" +\r\n      \"Nom : \" + nom + \"\\n\" +\r\n      \"T\u00e9l\u00e9phone : \" + tel + \"\\n\" +\r\n      \"Message : \" + messageClient + \"\\n\\n\" +\r\n      \"Merci de me recontacter.\";\r\n\r\n    const phone = \"212661527698\";\r\n    const url = \"https:\/\/wa.me\/\" + phone + \"?text=\" + encodeURIComponent(message);\r\n\r\n    window.open(url, \"_blank\");\r\n  });\r\n});\r\n<\/script>\r\n\t\t\t\t<\/div>\n\t\t\t\t<\/div>\n\t\t\t\t\t<\/div>\n\t\t\t\t<\/div>\n\t\t\t\t<\/div>\n\t\t<div class=\"elementor-element elementor-element-7d0e75ea e-flex e-con-boxed e-con e-parent\" data-id=\"7d0e75ea\" data-element_type=\"container\" data-e-type=\"container\">\n\t\t\t\t\t<div class=\"e-con-inner\">\n\t\t<div class=\"elementor-element elementor-element-3b9c7d64 e-flex e-con-boxed e-con e-child\" data-id=\"3b9c7d64\" data-element_type=\"container\" data-e-type=\"container\">\n\t\t\t\t\t<div class=\"e-con-inner\">\n\t\t\t\t<div class=\"elementor-element elementor-element-9120095 elementor-widget elementor-widget-google_maps\" data-id=\"9120095\" data-element_type=\"widget\" data-e-type=\"widget\" data-widget_type=\"google_maps.default\">\n\t\t\t\t\t\t\t<div class=\"elementor-custom-embed\">\n\t\t\t<iframe loading=\"lazy\"\n\t\t\t\t\tsrc=\"https:\/\/maps.google.com\/maps?q=wadoud%20cars&#038;t=m&#038;z=10&#038;output=embed&#038;iwloc=near\"\n\t\t\t\t\ttitle=\"wadoud cars\"\n\t\t\t\t\taria-label=\"wadoud cars\"\n\t\t\t><\/iframe>\n\t\t<\/div>\n\t\t\t\t\t\t<\/div>\n\t\t\t\t\t<\/div>\n\t\t\t\t<\/div>\n\t\t\t\t\t<\/div>\n\t\t\t\t<\/div>\n\t\t\t\t<\/div>","protected":false},"excerpt":{"rendered":"<p>Contactez Wadoud Cars Location de voiture \u00e0 Agadir Besoin d\u2019informations ou d\u2019une r\u00e9servation rapide ?Notre \u00e9quipe est \u00e0 votre disposition pour vous accompagner dans votre location de voiture \u00e0 Agadir et partout au Maroc. Contacter via WhatsApp Nos coordonn\u00e9es Contactez-nous +212661527698 Envoyer-nous un email carswadoud@gmail.com Adresse postale N\u00b0 37 Rue 465 Cit\u00e9 des Fonctionnaires \u2013<\/p>","protected":false},"author":1,"featured_media":0,"parent":0,"menu_order":0,"comment_status":"closed","ping_status":"closed","template":"","meta":{"solace_meta_sidebar":"","solace_meta_container":"","solace_meta_enable_content_width":"","solace_meta_content_width":0,"solace_meta_title_alignment":"","solace_meta_author_avatar":"","solace_post_elements_order":"","solace_meta_disable_header":"","solace_meta_disable_footer":"","solace_meta_disable_title":"","footnotes":""},"class_list":["post-10","page","type-page","status-publish","hentry"],"_hostinger_reach_plugin_has_subscription_block":false,"_hostinger_reach_plugin_is_elementor":false,"_links":{"self":[{"href":"https:\/\/wadoudcars.com\/en\/wp-json\/wp\/v2\/pages\/10","targetHints":{"allow":["GET"]}}],"collection":[{"href":"https:\/\/wadoudcars.com\/en\/wp-json\/wp\/v2\/pages"}],"about":[{"href":"https:\/\/wadoudcars.com\/en\/wp-json\/wp\/v2\/types\/page"}],"author":[{"embeddable":true,"href":"https:\/\/wadoudcars.com\/en\/wp-json\/wp\/v2\/users\/1"}],"replies":[{"embeddable":true,"href":"https:\/\/wadoudcars.com\/en\/wp-json\/wp\/v2\/comments?post=10"}],"version-history":[{"count":88,"href":"https:\/\/wadoudcars.com\/en\/wp-json\/wp\/v2\/pages\/10\/revisions"}],"predecessor-version":[{"id":316,"href":"https:\/\/wadoudcars.com\/en\/wp-json\/wp\/v2\/pages\/10\/revisions\/316"}],"wp:attachment":[{"href":"https:\/\/wadoudcars.com\/en\/wp-json\/wp\/v2\/media?parent=10"}],"curies":[{"name":"wp","href":"https:\/\/api.w.org\/{rel}","templated":true}]}}