{"id":547,"date":"2026-02-04T18:04:54","date_gmt":"2026-02-04T18:04:54","guid":{"rendered":"https:\/\/wadoudcars.com\/?page_id=547"},"modified":"2026-02-04T18:04:55","modified_gmt":"2026-02-04T18:04:55","slug":"location-de-voiture-a-agadir","status":"publish","type":"page","link":"https:\/\/wadoudcars.com\/en\/location-de-voiture-a-agadir\/","title":{"rendered":"Car rental in Agadir"},"content":{"rendered":"<p class=\"has-text-align-center\">Vous cherchez une location de voiture \u00e0 Agadir simple, rapide et sans surprise ?<br>Wadoud Cars vous propose une large gamme de v\u00e9hicules r\u00e9cents et bien entretenus<br>pour tous vos d\u00e9placements \u00e0 Agadir et dans toute la r\u00e9gion.<\/p>\n\n\n\n<p class=\"has-text-align-center\">Que vous arriviez \u00e0 l\u2019a\u00e9roport d\u2019Agadir Al Massira ou que vous soyez d\u00e9j\u00e0 en ville,<br>nous assurons la livraison et la r\u00e9cup\u00e9ration du v\u00e9hicule \u00e0 l\u2019endroit de votre choix.<br>Nos tarifs sont clairs, sans frais cach\u00e9s, et adapt\u00e9s \u00e0 la dur\u00e9e, \u00e0 la saison<br>et \u00e0 la disponibilit\u00e9.<\/p>\n\n\n\n<p class=\"has-text-align-center\">Avec Wadoud Cars, profitez d\u2019un service professionnel, d\u2019une assistance 24h\/24<br>et d\u2019une r\u00e9servation rapide via WhatsApp.<\/p>\n\n\n\n<div class=\"wp-block-buttons is-layout-flex wp-block-buttons-is-layout-flex\">\n<div class=\"wp-block-button\"><a class=\"wp-block-button__link has-text-align-center wp-element-button\" href=\"https:\/\/wa.me\/212661527698\" target=\"_blank\" rel=\"noopener\"><strong>R\u00e9server une voiture \u00e0 Agadir<\/strong><\/a><\/div>\n<\/div>\n\n\n\n<p><\/p>","protected":false},"excerpt":{"rendered":"<p>Vous cherchez une location de voiture \u00e0 Agadir simple, rapide et sans surprise ?Wadoud Cars vous propose une large gamme de v\u00e9hicules r\u00e9cents et bien entretenuspour tous vos d\u00e9placements \u00e0 Agadir et dans toute la r\u00e9gion. Que vous arriviez \u00e0 l\u2019a\u00e9roport d\u2019Agadir Al Massira ou que vous soyez d\u00e9j\u00e0 en ville,nous assurons la livraison et<\/p>","protected":false},"author":1,"featured_media":0,"parent":0,"menu_order":0,"comment_status":"closed","ping_status":"closed","template":"","meta":{"solace_meta_sidebar":"","solace_meta_container":"","solace_meta_enable_content_width":"","solace_meta_content_width":0,"solace_meta_title_alignment":"","solace_meta_author_avatar":"","solace_post_elements_order":"","solace_meta_disable_header":"","solace_meta_disable_footer":"","solace_meta_disable_title":"","footnotes":""},"class_list":["post-547","page","type-page","status-publish","hentry"],"_hostinger_reach_plugin_has_subscription_block":false,"_hostinger_reach_plugin_is_elementor":false,"_links":{"self":[{"href":"https:\/\/wadoudcars.com\/en\/wp-json\/wp\/v2\/pages\/547","targetHints":{"allow":["GET"]}}],"collection":[{"href":"https:\/\/wadoudcars.com\/en\/wp-json\/wp\/v2\/pages"}],"about":[{"href":"https:\/\/wadoudcars.com\/en\/wp-json\/wp\/v2\/types\/page"}],"author":[{"embeddable":true,"href":"https:\/\/wadoudcars.com\/en\/wp-json\/wp\/v2\/users\/1"}],"replies":[{"embeddable":true,"href":"https:\/\/wadoudcars.com\/en\/wp-json\/wp\/v2\/comments?post=547"}],"version-history":[{"count":1,"href":"https:\/\/wadoudcars.com\/en\/wp-json\/wp\/v2\/pages\/547\/revisions"}],"predecessor-version":[{"id":548,"href":"https:\/\/wadoudcars.com\/en\/wp-json\/wp\/v2\/pages\/547\/revisions\/548"}],"wp:attachment":[{"href":"https:\/\/wadoudcars.com\/en\/wp-json\/wp\/v2\/media?parent=547"}],"curies":[{"name":"wp","href":"https:\/\/api.w.org\/{rel}","templated":true}]}}